{"id":3395,"date":"2023-06-02T17:45:29","date_gmt":"2023-06-02T17:45:29","guid":{"rendered":"https:\/\/novatel.com.mx\/?page_id=3395"},"modified":"2023-08-16T06:19:20","modified_gmt":"2023-08-16T06:19:20","slug":"cintas-novaflon","status":"publish","type":"page","link":"https:\/\/novatelusa.com\/en\/cintas-novaflon\/","title":{"rendered":"Novaflon tapes"},"content":{"rendered":"\t\t<div data-elementor-type=\"wp-page\" data-elementor-id=\"3395\" class=\"elementor elementor-3395\" data-elementor-post-type=\"page\">\n\t\t\t\t\t\t<section class=\"elementor-section elementor-top-section elementor-element elementor-element-d17f66b elementor-section-full_width elementor-section-stretched elementor-section-height-default elementor-section-height-default\" data-id=\"d17f66b\" data-element_type=\"section\" data-e-type=\"section\" data-settings=\"{&quot;stretch_section&quot;:&quot;section-stretched&quot;,&quot;background_background&quot;:&quot;classic&quot;}\">\n\t\t\t\t\t\t\t<div class=\"elementor-background-overlay\"><\/div>\n\t\t\t\t\t\t\t<div class=\"elementor-container elementor-column-gap-default\">\n\t\t\t\t\t<div class=\"elementor-column elementor-col-100 elementor-top-column elementor-element elementor-element-8d34e40\" data-id=\"8d34e40\" data-element_type=\"column\" data-e-type=\"column\">\n\t\t\t<div class=\"elementor-widget-wrap elementor-element-populated\">\n\t\t\t\t\t\t<div class=\"elementor-element elementor-element-009c78c elementor-widget elementor-widget-spacer\" data-id=\"009c78c\" data-element_type=\"widget\" data-e-type=\"widget\" data-widget_type=\"spacer.default\">\n\t\t\t\t<div class=\"elementor-widget-container\">\n\t\t\t\t\t\t\t<div class=\"elementor-spacer\">\n\t\t\t<div class=\"elementor-spacer-inner\"><\/div>\n\t\t<\/div>\n\t\t\t\t\t\t<\/div>\n\t\t\t\t<\/div>\n\t\t\t\t<div class=\"elementor-element elementor-element-fc31a50 elementor-widget elementor-widget-html\" data-id=\"fc31a50\" data-element_type=\"widget\" data-e-type=\"widget\" data-widget_type=\"html.default\">\n\t\t\t\t<div class=\"elementor-widget-container\">\n\t\t\t\t\t[elfsight_whatsapp_chat id=\"1\"]\t\t\t\t<\/div>\n\t\t\t\t<\/div>\n\t\t\t\t<div class=\"elementor-element elementor-element-a3acd19 elementor-widget elementor-widget-text-editor\" data-id=\"a3acd19\" data-element_type=\"widget\" data-e-type=\"widget\" data-widget_type=\"text-editor.default\">\n\t\t\t\t<div class=\"elementor-widget-container\">\n\t\t\t\t\t\t\t\t\t<p style=\"text-align: center;\"><strong><span style=\"color: #ffffff;\"><font size=70px>Cintas Novaflon<\/font><\/span><\/strong><\/p>\t\t\t\t\t\t\t\t<\/div>\n\t\t\t\t<\/div>\n\t\t\t\t<div class=\"elementor-element elementor-element-50ef034 elementor-widget elementor-widget-text-editor\" data-id=\"50ef034\" data-element_type=\"widget\" data-e-type=\"widget\" data-widget_type=\"text-editor.default\">\n\t\t\t\t<div class=\"elementor-widget-container\">\n\t\t\t\t\t\t\t\t\t<p style=\"text-align: center;\"><span style=\"font-weight: 400; color: #ffffff;\">Cintas de tela de fibra de vidrio recubierta de PTFE con y sin adhesivo<\/span><\/p>\t\t\t\t\t\t\t\t<\/div>\n\t\t\t\t<\/div>\n\t\t\t\t<div class=\"elementor-element elementor-element-86f0ee1 elementor-widget elementor-widget-spacer\" data-id=\"86f0ee1\" data-element_type=\"widget\" data-e-type=\"widget\" data-widget_type=\"spacer.default\">\n\t\t\t\t<div class=\"elementor-widget-container\">\n\t\t\t\t\t\t\t<div class=\"elementor-spacer\">\n\t\t\t<div class=\"elementor-spacer-inner\"><\/div>\n\t\t<\/div>\n\t\t\t\t\t\t<\/div>\n\t\t\t\t<\/div>\n\t\t\t\t\t<\/div>\n\t\t<\/div>\n\t\t\t\t\t<\/div>\n\t\t<\/section>\n\t\t\t\t<section class=\"elementor-section elementor-top-section elementor-element elementor-element-f9f76e6 elementor-section-boxed elementor-section-height-default elementor-section-height-default\" data-id=\"f9f76e6\" data-element_type=\"section\" data-e-type=\"section\" data-settings=\"{&quot;background_background&quot;:&quot;classic&quot;}\">\n\t\t\t\t\t\t<div class=\"elementor-container elementor-column-gap-default\">\n\t\t\t\t\t<div class=\"elementor-column elementor-col-100 elementor-top-column elementor-element elementor-element-26ecaff\" data-id=\"26ecaff\" data-element_type=\"column\" data-e-type=\"column\">\n\t\t\t<div class=\"elementor-widget-wrap elementor-element-populated\">\n\t\t\t\t\t\t<div class=\"elementor-element elementor-element-03976f3 elementor-widget elementor-widget-spacer\" data-id=\"03976f3\" data-element_type=\"widget\" data-e-type=\"widget\" data-widget_type=\"spacer.default\">\n\t\t\t\t<div class=\"elementor-widget-container\">\n\t\t\t\t\t\t\t<div class=\"elementor-spacer\">\n\t\t\t<div class=\"elementor-spacer-inner\"><\/div>\n\t\t<\/div>\n\t\t\t\t\t\t<\/div>\n\t\t\t\t<\/div>\n\t\t\t\t<div class=\"elementor-element elementor-element-7e6b7c1 elementor-widget elementor-widget-text-editor\" data-id=\"7e6b7c1\" data-element_type=\"widget\" data-e-type=\"widget\" data-widget_type=\"text-editor.default\">\n\t\t\t\t<div class=\"elementor-widget-container\">\n\t\t\t\t\t\t\t\t\t<p style=\"text-align: center;\">Este producto se presenta en gran variedad de espesores y anchos, con propiedades t\u00e9rmicas y qu\u00edmicas que lo convierten en una soluci\u00f3n ideal para m\u00faltiples sectores industriales.<\/p>\t\t\t\t\t\t\t\t<\/div>\n\t\t\t\t<\/div>\n\t\t\t\t<div class=\"elementor-element elementor-element-01afbb4 elementor-widget elementor-widget-spacer\" data-id=\"01afbb4\" data-element_type=\"widget\" data-e-type=\"widget\" data-widget_type=\"spacer.default\">\n\t\t\t\t<div class=\"elementor-widget-container\">\n\t\t\t\t\t\t\t<div class=\"elementor-spacer\">\n\t\t\t<div class=\"elementor-spacer-inner\"><\/div>\n\t\t<\/div>\n\t\t\t\t\t\t<\/div>\n\t\t\t\t<\/div>\n\t\t\t\t\t<\/div>\n\t\t<\/div>\n\t\t\t\t\t<\/div>\n\t\t<\/section>\n\t\t\t\t<section class=\"elementor-section elementor-top-section elementor-element elementor-element-e8aeaec elementor-section-full_width elementor-section-height-default elementor-section-height-default\" data-id=\"e8aeaec\" data-element_type=\"section\" data-e-type=\"section\" data-settings=\"{&quot;background_background&quot;:&quot;classic&quot;}\">\n\t\t\t\t\t\t<div class=\"elementor-container elementor-column-gap-default\">\n\t\t\t\t\t<div class=\"elementor-column elementor-col-100 elementor-top-column elementor-element elementor-element-398e015\" data-id=\"398e015\" data-element_type=\"column\" data-e-type=\"column\">\n\t\t\t<div class=\"elementor-widget-wrap elementor-element-populated\">\n\t\t\t\t\t\t<div class=\"elementor-element elementor-element-3b82847 elementor-widget elementor-widget-spacer\" data-id=\"3b82847\" data-element_type=\"widget\" data-e-type=\"widget\" data-widget_type=\"spacer.default\">\n\t\t\t\t<div class=\"elementor-widget-container\">\n\t\t\t\t\t\t\t<div class=\"elementor-spacer\">\n\t\t\t<div class=\"elementor-spacer-inner\"><\/div>\n\t\t<\/div>\n\t\t\t\t\t\t<\/div>\n\t\t\t\t<\/div>\n\t\t\t\t<section class=\"elementor-section elementor-inner-section elementor-element elementor-element-8d81009 elementor-section-boxed elementor-section-height-default elementor-section-height-default\" data-id=\"8d81009\" data-element_type=\"section\" data-e-type=\"section\">\n\t\t\t\t\t\t<div class=\"elementor-container elementor-column-gap-default\">\n\t\t\t\t\t<div class=\"elementor-column elementor-col-33 elementor-inner-column elementor-element elementor-element-7b6382c\" data-id=\"7b6382c\" data-element_type=\"column\" data-e-type=\"column\">\n\t\t\t<div class=\"elementor-widget-wrap elementor-element-populated\">\n\t\t\t\t\t\t<div class=\"elementor-element elementor-element-e831ced elementor-widget elementor-widget-image\" data-id=\"e831ced\" data-element_type=\"widget\" data-e-type=\"widget\" data-widget_type=\"image.default\">\n\t\t\t\t<div class=\"elementor-widget-container\">\n\t\t\t\t\t\t\t\t\t\t\t\t\t\t\t<img fetchpriority=\"high\" decoding=\"async\" width=\"640\" height=\"640\" src=\"https:\/\/novatelusa.com\/wp-content\/uploads\/2023\/06\/tinywow_N7_25714392.webp\" class=\"attachment-large size-large wp-image-3427\" alt=\"\" srcset=\"https:\/\/novatelusa.com\/wp-content\/uploads\/2023\/06\/tinywow_N7_25714392.webp 1024w, https:\/\/novatelusa.com\/wp-content\/uploads\/2023\/06\/tinywow_N7_25714392-300x300.webp 300w, https:\/\/novatelusa.com\/wp-content\/uploads\/2023\/06\/tinywow_N7_25714392-150x150.webp 150w, https:\/\/novatelusa.com\/wp-content\/uploads\/2023\/06\/tinywow_N7_25714392-768x768.webp 768w, https:\/\/novatelusa.com\/wp-content\/uploads\/2023\/06\/tinywow_N7_25714392-12x12.webp 12w, https:\/\/novatelusa.com\/wp-content\/uploads\/2023\/06\/tinywow_N7_25714392-600x600.webp 600w, https:\/\/novatelusa.com\/wp-content\/uploads\/2023\/06\/tinywow_N7_25714392-100x100.webp 100w\" sizes=\"(max-width: 640px) 100vw, 640px\" \/>\t\t\t\t\t\t\t\t\t\t\t\t\t\t\t<\/div>\n\t\t\t\t<\/div>\n\t\t\t\t<div class=\"elementor-element elementor-element-c52e7c4 elementor-widget elementor-widget-text-editor\" data-id=\"c52e7c4\" data-element_type=\"widget\" data-e-type=\"widget\" data-widget_type=\"text-editor.default\">\n\t\t\t\t<div class=\"elementor-widget-container\">\n\t\t\t\t\t\t\t\t\t<p style=\"text-align: center;\"><i><span style=\"font-weight: 400;\">Cinta sin adhesivo<\/span><\/i><\/p><p>\u00a0<\/p>\t\t\t\t\t\t\t\t<\/div>\n\t\t\t\t<\/div>\n\t\t\t\t<div class=\"elementor-element elementor-element-d912404 elementor-align-center elementor-widget elementor-widget-button\" data-id=\"d912404\" data-element_type=\"widget\" data-e-type=\"widget\" data-widget_type=\"button.default\">\n\t\t\t\t<div class=\"elementor-widget-container\">\n\t\t\t\t\t\t\t\t\t<div class=\"elementor-button-wrapper\">\n\t\t\t\t\t<a class=\"elementor-button elementor-button-link elementor-size-sm\" href=\"http:\/\/novatelusa.com\/cinta-sin-adhesivo\/\">\n\t\t\t\t\t\t<span class=\"elementor-button-content-wrapper\">\n\t\t\t\t\t\t\t\t\t<span class=\"elementor-button-text\">Ver m\u00e1s...<\/span>\n\t\t\t\t\t<\/span>\n\t\t\t\t\t<\/a>\n\t\t\t\t<\/div>\n\t\t\t\t\t\t\t\t<\/div>\n\t\t\t\t<\/div>\n\t\t\t\t\t<\/div>\n\t\t<\/div>\n\t\t\t\t<div class=\"elementor-column elementor-col-33 elementor-inner-column elementor-element elementor-element-cce09fd\" data-id=\"cce09fd\" data-element_type=\"column\" data-e-type=\"column\">\n\t\t\t<div class=\"elementor-widget-wrap elementor-element-populated\">\n\t\t\t\t\t\t<div class=\"elementor-element elementor-element-47837bc elementor-widget elementor-widget-image\" data-id=\"47837bc\" data-element_type=\"widget\" data-e-type=\"widget\" data-widget_type=\"image.default\">\n\t\t\t\t<div class=\"elementor-widget-container\">\n\t\t\t\t\t\t\t\t\t\t\t\t\t\t\t<img decoding=\"async\" width=\"640\" height=\"640\" src=\"https:\/\/novatelusa.com\/wp-content\/uploads\/2023\/06\/tinywow_N5_25714328.webp\" class=\"attachment-large size-large wp-image-3425\" alt=\"\" srcset=\"https:\/\/novatelusa.com\/wp-content\/uploads\/2023\/06\/tinywow_N5_25714328.webp 1024w, https:\/\/novatelusa.com\/wp-content\/uploads\/2023\/06\/tinywow_N5_25714328-300x300.webp 300w, https:\/\/novatelusa.com\/wp-content\/uploads\/2023\/06\/tinywow_N5_25714328-150x150.webp 150w, https:\/\/novatelusa.com\/wp-content\/uploads\/2023\/06\/tinywow_N5_25714328-768x768.webp 768w, https:\/\/novatelusa.com\/wp-content\/uploads\/2023\/06\/tinywow_N5_25714328-12x12.webp 12w, https:\/\/novatelusa.com\/wp-content\/uploads\/2023\/06\/tinywow_N5_25714328-600x600.webp 600w, https:\/\/novatelusa.com\/wp-content\/uploads\/2023\/06\/tinywow_N5_25714328-100x100.webp 100w\" sizes=\"(max-width: 640px) 100vw, 640px\" \/>\t\t\t\t\t\t\t\t\t\t\t\t\t\t\t<\/div>\n\t\t\t\t<\/div>\n\t\t\t\t<div class=\"elementor-element elementor-element-7d5a7fe elementor-widget elementor-widget-text-editor\" data-id=\"7d5a7fe\" data-element_type=\"widget\" data-e-type=\"widget\" data-widget_type=\"text-editor.default\">\n\t\t\t\t<div class=\"elementor-widget-container\">\n\t\t\t\t\t\t\t\t\t<p style=\"text-align: center;\"><i><span style=\"font-weight: 400;\">Cinta con adhesivo siliconado\u00a0<\/span><\/i><\/p><p style=\"text-align: center;\"><i><span style=\"font-weight: 400;\">LINNER AMARILLO<\/span><\/i><\/p>\t\t\t\t\t\t\t\t<\/div>\n\t\t\t\t<\/div>\n\t\t\t\t<div class=\"elementor-element elementor-element-c178fdf elementor-align-center elementor-widget elementor-widget-button\" data-id=\"c178fdf\" data-element_type=\"widget\" data-e-type=\"widget\" data-widget_type=\"button.default\">\n\t\t\t\t<div class=\"elementor-widget-container\">\n\t\t\t\t\t\t\t\t\t<div class=\"elementor-button-wrapper\">\n\t\t\t\t\t<a class=\"elementor-button elementor-button-link elementor-size-sm\" href=\"http:\/\/novatelusa.com\/cintas-con-adhesivo-siliconado\/\">\n\t\t\t\t\t\t<span class=\"elementor-button-content-wrapper\">\n\t\t\t\t\t\t\t\t\t<span class=\"elementor-button-text\">Ver m\u00e1s...<\/span>\n\t\t\t\t\t<\/span>\n\t\t\t\t\t<\/a>\n\t\t\t\t<\/div>\n\t\t\t\t\t\t\t\t<\/div>\n\t\t\t\t<\/div>\n\t\t\t\t\t<\/div>\n\t\t<\/div>\n\t\t\t\t<div class=\"elementor-column elementor-col-33 elementor-inner-column elementor-element elementor-element-75fc91c\" data-id=\"75fc91c\" data-element_type=\"column\" data-e-type=\"column\">\n\t\t\t<div class=\"elementor-widget-wrap elementor-element-populated\">\n\t\t\t\t\t\t<div class=\"elementor-element elementor-element-0107387 elementor-widget elementor-widget-image\" data-id=\"0107387\" data-element_type=\"widget\" data-e-type=\"widget\" data-widget_type=\"image.default\">\n\t\t\t\t<div class=\"elementor-widget-container\">\n\t\t\t\t\t\t\t\t\t\t\t\t\t\t\t<img decoding=\"async\" width=\"640\" height=\"640\" src=\"https:\/\/novatelusa.com\/wp-content\/uploads\/2023\/06\/tinywow_N6_25714357.webp\" class=\"attachment-large size-large wp-image-3426\" alt=\"\" srcset=\"https:\/\/novatelusa.com\/wp-content\/uploads\/2023\/06\/tinywow_N6_25714357.webp 1024w, https:\/\/novatelusa.com\/wp-content\/uploads\/2023\/06\/tinywow_N6_25714357-300x300.webp 300w, https:\/\/novatelusa.com\/wp-content\/uploads\/2023\/06\/tinywow_N6_25714357-150x150.webp 150w, https:\/\/novatelusa.com\/wp-content\/uploads\/2023\/06\/tinywow_N6_25714357-768x768.webp 768w, https:\/\/novatelusa.com\/wp-content\/uploads\/2023\/06\/tinywow_N6_25714357-12x12.webp 12w, https:\/\/novatelusa.com\/wp-content\/uploads\/2023\/06\/tinywow_N6_25714357-600x600.webp 600w, https:\/\/novatelusa.com\/wp-content\/uploads\/2023\/06\/tinywow_N6_25714357-100x100.webp 100w\" sizes=\"(max-width: 640px) 100vw, 640px\" \/>\t\t\t\t\t\t\t\t\t\t\t\t\t\t\t<\/div>\n\t\t\t\t<\/div>\n\t\t\t\t<div class=\"elementor-element elementor-element-848fa9e elementor-widget elementor-widget-text-editor\" data-id=\"848fa9e\" data-element_type=\"widget\" data-e-type=\"widget\" data-widget_type=\"text-editor.default\">\n\t\t\t\t<div class=\"elementor-widget-container\">\n\t\t\t\t\t\t\t\t\t<p style=\"text-align: center;\"><i><span style=\"font-weight: 400;\">Cinta con adhesivo acr\u00edlico<\/span><\/i><\/p><p style=\"text-align: center;\"><i><span style=\"font-weight: 400;\">LINNER AZUL.<\/span><\/i><\/p>\t\t\t\t\t\t\t\t<\/div>\n\t\t\t\t<\/div>\n\t\t\t\t<div class=\"elementor-element elementor-element-594dbfb elementor-align-center elementor-widget elementor-widget-button\" data-id=\"594dbfb\" data-element_type=\"widget\" data-e-type=\"widget\" data-widget_type=\"button.default\">\n\t\t\t\t<div class=\"elementor-widget-container\">\n\t\t\t\t\t\t\t\t\t<div class=\"elementor-button-wrapper\">\n\t\t\t\t\t<a class=\"elementor-button elementor-button-link elementor-size-sm\" href=\"http:\/\/novatelusa.com\/cintas-con-adhesivo-acrilico\/\">\n\t\t\t\t\t\t<span class=\"elementor-button-content-wrapper\">\n\t\t\t\t\t\t\t\t\t<span class=\"elementor-button-text\">Ver m\u00e1s...<\/span>\n\t\t\t\t\t<\/span>\n\t\t\t\t\t<\/a>\n\t\t\t\t<\/div>\n\t\t\t\t\t\t\t\t<\/div>\n\t\t\t\t<\/div>\n\t\t\t\t\t<\/div>\n\t\t<\/div>\n\t\t\t\t\t<\/div>\n\t\t<\/section>\n\t\t\t\t<div class=\"elementor-element elementor-element-502557a elementor-widget elementor-widget-spacer\" data-id=\"502557a\" data-element_type=\"widget\" data-e-type=\"widget\" data-widget_type=\"spacer.default\">\n\t\t\t\t<div class=\"elementor-widget-container\">\n\t\t\t\t\t\t\t<div class=\"elementor-spacer\">\n\t\t\t<div class=\"elementor-spacer-inner\"><\/div>\n\t\t<\/div>\n\t\t\t\t\t\t<\/div>\n\t\t\t\t<\/div>\n\t\t\t\t\t<\/div>\n\t\t<\/div>\n\t\t\t\t\t<\/div>\n\t\t<\/section>\n\t\t\t\t<\/div>\n\t\t","protected":false},"excerpt":{"rendered":"<p>[elfsight_whatsapp_chat id=&#8221;1&#8243;] Cintas Novaflon Cintas de tela de fibra de vidrio recubierta de PTFE con y sin adhesivo Este producto se presenta en gran variedad de espesores y anchos, con propiedades t\u00e9rmicas y qu\u00edmicas que lo convierten en una soluci\u00f3n ideal para m\u00faltiples sectores industriales. Cinta sin adhesivo \u00a0 Ver m\u00e1s&#8230; Cinta con adhesivo siliconado\u00a0 [&hellip;]<\/p>\n","protected":false},"author":1,"featured_media":0,"parent":0,"menu_order":0,"comment_status":"closed","ping_status":"closed","template":"elementor_header_footer","meta":{"_acf_changed":false,"_joinchat":[],"footnotes":""},"class_list":["post-3395","page","type-page","status-publish","hentry"],"acf":[],"_links":{"self":[{"href":"https:\/\/novatelusa.com\/en\/wp-json\/wp\/v2\/pages\/3395","targetHints":{"allow":["GET"]}}],"collection":[{"href":"https:\/\/novatelusa.com\/en\/wp-json\/wp\/v2\/pages"}],"about":[{"href":"https:\/\/novatelusa.com\/en\/wp-json\/wp\/v2\/types\/page"}],"author":[{"embeddable":true,"href":"https:\/\/novatelusa.com\/en\/wp-json\/wp\/v2\/users\/1"}],"replies":[{"embeddable":true,"href":"https:\/\/novatelusa.com\/en\/wp-json\/wp\/v2\/comments?post=3395"}],"version-history":[{"count":25,"href":"https:\/\/novatelusa.com\/en\/wp-json\/wp\/v2\/pages\/3395\/revisions"}],"predecessor-version":[{"id":4254,"href":"https:\/\/novatelusa.com\/en\/wp-json\/wp\/v2\/pages\/3395\/revisions\/4254"}],"wp:attachment":[{"href":"https:\/\/novatelusa.com\/en\/wp-json\/wp\/v2\/media?parent=3395"}],"curies":[{"name":"wp","href":"https:\/\/api.w.org\/{rel}","templated":true}]}}