{"id":3382,"date":"2023-06-02T17:30:46","date_gmt":"2023-06-02T17:30:46","guid":{"rendered":"https:\/\/novatel.com.mx\/?page_id=3382"},"modified":"2023-10-21T17:36:03","modified_gmt":"2023-10-21T17:36:03","slug":"tela-novaflon","status":"publish","type":"page","link":"https:\/\/novatelusa.com\/en\/tela-novaflon\/","title":{"rendered":"Novaflon fabric"},"content":{"rendered":"<div data-elementor-type=\"wp-page\" data-elementor-id=\"3382\" class=\"elementor elementor-3382\" data-elementor-post-type=\"page\">\n\t\t\t\t\t\t<section class=\"elementor-section elementor-top-section elementor-element elementor-element-d17f66b elementor-section-full_width elementor-section-stretched elementor-section-height-default elementor-section-height-default\" data-id=\"d17f66b\" data-element_type=\"section\" data-e-type=\"section\" data-settings=\"{&quot;stretch_section&quot;:&quot;section-stretched&quot;,&quot;background_background&quot;:&quot;classic&quot;}\">\n\t\t\t\t\t\t\t<div class=\"elementor-background-overlay\"><\/div>\n\t\t\t\t\t\t\t<div class=\"elementor-container elementor-column-gap-default\">\n\t\t\t\t\t<div class=\"elementor-column elementor-col-100 elementor-top-column elementor-element elementor-element-8d34e40\" data-id=\"8d34e40\" data-element_type=\"column\" data-e-type=\"column\">\n\t\t\t<div class=\"elementor-widget-wrap elementor-element-populated\">\n\t\t\t\t\t\t<div class=\"elementor-element elementor-element-009c78c elementor-widget elementor-widget-spacer\" data-id=\"009c78c\" data-element_type=\"widget\" data-e-type=\"widget\" data-widget_type=\"spacer.default\">\n\t\t\t\t<div class=\"elementor-widget-container\">\n\t\t\t\t\t\t\t<div class=\"elementor-spacer\">\n\t\t\t<div class=\"elementor-spacer-inner\"><\/div>\n\t\t<\/div>\n\t\t\t\t\t\t<\/div>\n\t\t\t\t<\/div>\n\t\t\t\t<div class=\"elementor-element elementor-element-a3acd19 elementor-widget elementor-widget-text-editor\" data-id=\"a3acd19\" data-element_type=\"widget\" data-e-type=\"widget\" data-widget_type=\"text-editor.default\">\n\t\t\t\t<div class=\"elementor-widget-container\">\n\t\t\t\t\t\t\t\t\t<p style=\"text-align: center;\"><strong><span style=\"color: #ffffff;\"><font size=\"60px\">Novaflon fabric<\/font><\/span><\/strong><\/p>\t\t\t\t\t\t\t\t<\/div>\n\t\t\t\t<\/div>\n\t\t\t\t<div class=\"elementor-element elementor-element-50ef034 elementor-widget elementor-widget-text-editor\" data-id=\"50ef034\" data-element_type=\"widget\" data-e-type=\"widget\" data-widget_type=\"text-editor.default\">\n\t\t\t\t<div class=\"elementor-widget-container\">\n\t\t\t\t\t\t\t\t\t<p style=\"text-align: center;\"><span style=\"color: #ffffff;\">PTFE coated fiberglass cloth<\/span><\/p>\t\t\t\t\t\t\t\t<\/div>\n\t\t\t\t<\/div>\n\t\t\t\t<div class=\"elementor-element elementor-element-86f0ee1 elementor-widget elementor-widget-spacer\" data-id=\"86f0ee1\" data-element_type=\"widget\" data-e-type=\"widget\" data-widget_type=\"spacer.default\">\n\t\t\t\t<div class=\"elementor-widget-container\">\n\t\t\t\t\t\t\t<div class=\"elementor-spacer\">\n\t\t\t<div class=\"elementor-spacer-inner\"><\/div>\n\t\t<\/div>\n\t\t\t\t\t\t<\/div>\n\t\t\t\t<\/div>\n\t\t\t\t\t<\/div>\n\t\t<\/div>\n\t\t\t\t\t<\/div>\n\t\t<\/section>\n\t\t\t\t<section class=\"elementor-section elementor-top-section elementor-element elementor-element-f9f76e6 elementor-section-boxed elementor-section-height-default elementor-section-height-default\" data-id=\"f9f76e6\" data-element_type=\"section\" data-e-type=\"section\" data-settings=\"{&quot;background_background&quot;:&quot;classic&quot;}\">\n\t\t\t\t\t\t<div class=\"elementor-container elementor-column-gap-default\">\n\t\t\t\t\t<div class=\"elementor-column elementor-col-100 elementor-top-column elementor-element elementor-element-26ecaff\" data-id=\"26ecaff\" data-element_type=\"column\" data-e-type=\"column\">\n\t\t\t<div class=\"elementor-widget-wrap elementor-element-populated\">\n\t\t\t\t\t\t<div class=\"elementor-element elementor-element-03976f3 elementor-widget elementor-widget-spacer\" data-id=\"03976f3\" data-element_type=\"widget\" data-e-type=\"widget\" data-widget_type=\"spacer.default\">\n\t\t\t\t<div class=\"elementor-widget-container\">\n\t\t\t\t\t\t\t<div class=\"elementor-spacer\">\n\t\t\t<div class=\"elementor-spacer-inner\"><\/div>\n\t\t<\/div>\n\t\t\t\t\t\t<\/div>\n\t\t\t\t<\/div>\n\t\t\t\t<div class=\"elementor-element elementor-element-7e6b7c1 elementor-widget elementor-widget-text-editor\" data-id=\"7e6b7c1\" data-element_type=\"widget\" data-e-type=\"widget\" data-widget_type=\"text-editor.default\">\n\t\t\t\t<div class=\"elementor-widget-container\">\n\t\t\t\t\t\t\t\t\t<p style=\"text-align: center;\">Novaflon fabrics are manufactured with a fiberglass substrate coated with Teflon \u00ae (PTFE), handling different qualities and thicknesses.<\/p>\t\t\t\t\t\t\t\t<\/div>\n\t\t\t\t<\/div>\n\t\t\t\t<div class=\"elementor-element elementor-element-01afbb4 elementor-widget elementor-widget-spacer\" data-id=\"01afbb4\" data-element_type=\"widget\" data-e-type=\"widget\" data-widget_type=\"spacer.default\">\n\t\t\t\t<div class=\"elementor-widget-container\">\n\t\t\t\t\t\t\t<div class=\"elementor-spacer\">\n\t\t\t<div class=\"elementor-spacer-inner\"><\/div>\n\t\t<\/div>\n\t\t\t\t\t\t<\/div>\n\t\t\t\t<\/div>\n\t\t\t\t\t<\/div>\n\t\t<\/div>\n\t\t\t\t\t<\/div>\n\t\t<\/section>\n\t\t\t\t<section class=\"elementor-section elementor-top-section elementor-element elementor-element-e8aeaec elementor-section-full_width elementor-section-height-default elementor-section-height-default\" data-id=\"e8aeaec\" data-element_type=\"section\" data-e-type=\"section\" data-settings=\"{&quot;background_background&quot;:&quot;classic&quot;}\">\n\t\t\t\t\t\t<div class=\"elementor-container elementor-column-gap-default\">\n\t\t\t\t\t<div class=\"elementor-column elementor-col-100 elementor-top-column elementor-element elementor-element-398e015\" data-id=\"398e015\" data-element_type=\"column\" data-e-type=\"column\">\n\t\t\t<div class=\"elementor-widget-wrap elementor-element-populated\">\n\t\t\t\t\t\t<div class=\"elementor-element elementor-element-3b82847 elementor-widget elementor-widget-spacer\" data-id=\"3b82847\" data-element_type=\"widget\" data-e-type=\"widget\" data-widget_type=\"spacer.default\">\n\t\t\t\t<div class=\"elementor-widget-container\">\n\t\t\t\t\t\t\t<div class=\"elementor-spacer\">\n\t\t\t<div class=\"elementor-spacer-inner\"><\/div>\n\t\t<\/div>\n\t\t\t\t\t\t<\/div>\n\t\t\t\t<\/div>\n\t\t\t\t<section class=\"elementor-section elementor-inner-section elementor-element elementor-element-8d81009 elementor-section-boxed elementor-section-height-default elementor-section-height-default\" data-id=\"8d81009\" data-element_type=\"section\" data-e-type=\"section\">\n\t\t\t\t\t\t<div class=\"elementor-container elementor-column-gap-default\">\n\t\t\t\t\t<div class=\"elementor-column elementor-col-20 elementor-inner-column elementor-element elementor-element-7b6382c\" data-id=\"7b6382c\" data-element_type=\"column\" data-e-type=\"column\">\n\t\t\t<div class=\"elementor-widget-wrap elementor-element-populated\">\n\t\t\t\t\t\t<div class=\"elementor-element elementor-element-e831ced elementor-widget elementor-widget-image\" data-id=\"e831ced\" data-element_type=\"widget\" data-e-type=\"widget\" data-widget_type=\"image.default\">\n\t\t\t\t<div class=\"elementor-widget-container\">\n\t\t\t\t\t\t\t\t\t\t\t\t\t\t\t<img fetchpriority=\"high\" decoding=\"async\" width=\"640\" height=\"640\" src=\"https:\/\/novatelusa.com\/wp-content\/uploads\/2023\/08\/TELA-SA-2-1-1024x1024.jpg\" class=\"attachment-large size-large wp-image-4326\" alt=\"\" srcset=\"https:\/\/novatelusa.com\/wp-content\/uploads\/2023\/08\/TELA-SA-2-1-1024x1024.jpg 1024w, https:\/\/novatelusa.com\/wp-content\/uploads\/2023\/08\/TELA-SA-2-1-300x300.jpg 300w, https:\/\/novatelusa.com\/wp-content\/uploads\/2023\/08\/TELA-SA-2-1-150x150.jpg 150w, https:\/\/novatelusa.com\/wp-content\/uploads\/2023\/08\/TELA-SA-2-1-768x768.jpg 768w, https:\/\/novatelusa.com\/wp-content\/uploads\/2023\/08\/TELA-SA-2-1-1536x1536.jpg 1536w, https:\/\/novatelusa.com\/wp-content\/uploads\/2023\/08\/TELA-SA-2-1-12x12.jpg 12w, https:\/\/novatelusa.com\/wp-content\/uploads\/2023\/08\/TELA-SA-2-1-600x600.jpg 600w, https:\/\/novatelusa.com\/wp-content\/uploads\/2023\/08\/TELA-SA-2-1-100x100.jpg 100w, https:\/\/novatelusa.com\/wp-content\/uploads\/2023\/08\/TELA-SA-2-1.jpg 2048w\" sizes=\"(max-width: 640px) 100vw, 640px\" \/>\t\t\t\t\t\t\t\t\t\t\t\t\t\t\t<\/div>\n\t\t\t\t<\/div>\n\t\t\t\t<div class=\"elementor-element elementor-element-1b8f2fa elementor-widget elementor-widget-text-editor\" data-id=\"1b8f2fa\" data-element_type=\"widget\" data-e-type=\"widget\" data-widget_type=\"text-editor.default\">\n\t\t\t\t<div class=\"elementor-widget-container\">\n\t\t\t\t\t\t\t\t\t<p><em>Adhesive-free fabric. <\/em><\/p>\t\t\t\t\t\t\t\t<\/div>\n\t\t\t\t<\/div>\n\t\t\t\t<div class=\"elementor-element elementor-element-d912404 elementor-align-center elementor-widget elementor-widget-button\" data-id=\"d912404\" data-element_type=\"widget\" data-e-type=\"widget\" data-widget_type=\"button.default\">\n\t\t\t\t<div class=\"elementor-widget-container\">\n\t\t\t\t\t\t\t\t\t<div class=\"elementor-button-wrapper\">\n\t\t\t\t\t<a class=\"elementor-button elementor-button-link elementor-size-sm\" href=\"http:\/\/novatelusa.com\/en\/tela-sin-adhesivo\/\">\n\t\t\t\t\t\t<span class=\"elementor-button-content-wrapper\">\n\t\t\t\t\t\t\t\t\t<span class=\"elementor-button-text\">See more...<\/span>\n\t\t\t\t\t<\/span>\n\t\t\t\t\t<\/a>\n\t\t\t\t<\/div>\n\t\t\t\t\t\t\t\t<\/div>\n\t\t\t\t<\/div>\n\t\t\t\t\t<\/div>\n\t\t<\/div>\n\t\t\t\t<div class=\"elementor-column elementor-col-20 elementor-inner-column elementor-element elementor-element-5c52961\" data-id=\"5c52961\" data-element_type=\"column\" data-e-type=\"column\">\n\t\t\t<div class=\"elementor-widget-wrap elementor-element-populated\">\n\t\t\t\t\t\t<div class=\"elementor-element elementor-element-534bfc8 elementor-widget elementor-widget-image\" data-id=\"534bfc8\" data-element_type=\"widget\" data-e-type=\"widget\" data-widget_type=\"image.default\">\n\t\t\t\t<div class=\"elementor-widget-container\">\n\t\t\t\t\t\t\t\t\t\t\t\t\t\t\t<img decoding=\"async\" width=\"640\" height=\"640\" src=\"https:\/\/novatelusa.com\/wp-content\/uploads\/2023\/08\/TELA-CA-SILICONADO-1-1024x1024.jpg\" class=\"attachment-large size-large wp-image-4167\" alt=\"\" srcset=\"https:\/\/novatelusa.com\/wp-content\/uploads\/2023\/08\/TELA-CA-SILICONADO-1-1024x1024.jpg 1024w, https:\/\/novatelusa.com\/wp-content\/uploads\/2023\/08\/TELA-CA-SILICONADO-1-300x300.jpg 300w, https:\/\/novatelusa.com\/wp-content\/uploads\/2023\/08\/TELA-CA-SILICONADO-1-150x150.jpg 150w, https:\/\/novatelusa.com\/wp-content\/uploads\/2023\/08\/TELA-CA-SILICONADO-1-768x768.jpg 768w, https:\/\/novatelusa.com\/wp-content\/uploads\/2023\/08\/TELA-CA-SILICONADO-1-1536x1536.jpg 1536w, https:\/\/novatelusa.com\/wp-content\/uploads\/2023\/08\/TELA-CA-SILICONADO-1-12x12.jpg 12w, https:\/\/novatelusa.com\/wp-content\/uploads\/2023\/08\/TELA-CA-SILICONADO-1-600x600.jpg 600w, https:\/\/novatelusa.com\/wp-content\/uploads\/2023\/08\/TELA-CA-SILICONADO-1-100x100.jpg 100w, https:\/\/novatelusa.com\/wp-content\/uploads\/2023\/08\/TELA-CA-SILICONADO-1.jpg 2048w\" sizes=\"(max-width: 640px) 100vw, 640px\" \/>\t\t\t\t\t\t\t\t\t\t\t\t\t\t\t<\/div>\n\t\t\t\t<\/div>\n\t\t\t\t<div class=\"elementor-element elementor-element-a577735 elementor-widget elementor-widget-text-editor\" data-id=\"a577735\" data-element_type=\"widget\" data-e-type=\"widget\" data-widget_type=\"text-editor.default\">\n\t\t\t\t<div class=\"elementor-widget-container\">\n\t\t\t\t\t\t\t\t\t<p><em>Fabric with adhesive.<\/em><\/p>\t\t\t\t\t\t\t\t<\/div>\n\t\t\t\t<\/div>\n\t\t\t\t<div class=\"elementor-element elementor-element-4ef4277 elementor-align-center elementor-widget elementor-widget-button\" data-id=\"4ef4277\" data-element_type=\"widget\" data-e-type=\"widget\" data-widget_type=\"button.default\">\n\t\t\t\t<div class=\"elementor-widget-container\">\n\t\t\t\t\t\t\t\t\t<div class=\"elementor-button-wrapper\">\n\t\t\t\t\t<a class=\"elementor-button elementor-button-link elementor-size-sm\" href=\"http:\/\/novatelusa.com\/en\/tela-con-adhesivo\/\">\n\t\t\t\t\t\t<span class=\"elementor-button-content-wrapper\">\n\t\t\t\t\t\t\t\t\t<span class=\"elementor-button-text\">See more...<\/span>\n\t\t\t\t\t<\/span>\n\t\t\t\t\t<\/a>\n\t\t\t\t<\/div>\n\t\t\t\t\t\t\t\t<\/div>\n\t\t\t\t<\/div>\n\t\t\t\t\t<\/div>\n\t\t<\/div>\n\t\t\t\t<div class=\"elementor-column elementor-col-20 elementor-inner-column elementor-element elementor-element-75fc91c\" data-id=\"75fc91c\" data-element_type=\"column\" data-e-type=\"column\">\n\t\t\t<div class=\"elementor-widget-wrap elementor-element-populated\">\n\t\t\t\t\t\t<div class=\"elementor-element elementor-element-0107387 elementor-widget elementor-widget-image\" data-id=\"0107387\" data-element_type=\"widget\" data-e-type=\"widget\" data-widget_type=\"image.default\">\n\t\t\t\t<div class=\"elementor-widget-container\">\n\t\t\t\t\t\t\t\t\t\t\t\t\t\t\t<img decoding=\"async\" width=\"640\" height=\"640\" src=\"https:\/\/novatelusa.com\/wp-content\/uploads\/2023\/06\/tinywow_N3_25712967.webp\" class=\"attachment-large size-large wp-image-3421\" alt=\"\" srcset=\"https:\/\/novatelusa.com\/wp-content\/uploads\/2023\/06\/tinywow_N3_25712967.webp 1024w, https:\/\/novatelusa.com\/wp-content\/uploads\/2023\/06\/tinywow_N3_25712967-300x300.webp 300w, https:\/\/novatelusa.com\/wp-content\/uploads\/2023\/06\/tinywow_N3_25712967-150x150.webp 150w, https:\/\/novatelusa.com\/wp-content\/uploads\/2023\/06\/tinywow_N3_25712967-768x768.webp 768w, https:\/\/novatelusa.com\/wp-content\/uploads\/2023\/06\/tinywow_N3_25712967-12x12.webp 12w, https:\/\/novatelusa.com\/wp-content\/uploads\/2023\/06\/tinywow_N3_25712967-600x600.webp 600w, https:\/\/novatelusa.com\/wp-content\/uploads\/2023\/06\/tinywow_N3_25712967-100x100.webp 100w\" sizes=\"(max-width: 640px) 100vw, 640px\" \/>\t\t\t\t\t\t\t\t\t\t\t\t\t\t\t<\/div>\n\t\t\t\t<\/div>\n\t\t\t\t<div class=\"elementor-element elementor-element-848fa9e elementor-widget elementor-widget-text-editor\" data-id=\"848fa9e\" data-element_type=\"widget\" data-e-type=\"widget\" data-widget_type=\"text-editor.default\">\n\t\t\t\t<div class=\"elementor-widget-container\">\n\t\t\t\t\t\t\t\t\t<p style=\"text-align: center;\"><em>Conductive fabric.<\/em><\/p>\t\t\t\t\t\t\t\t<\/div>\n\t\t\t\t<\/div>\n\t\t\t\t<div class=\"elementor-element elementor-element-594dbfb elementor-align-center elementor-widget elementor-widget-button\" data-id=\"594dbfb\" data-element_type=\"widget\" data-e-type=\"widget\" data-widget_type=\"button.default\">\n\t\t\t\t<div class=\"elementor-widget-container\">\n\t\t\t\t\t\t\t\t\t<div class=\"elementor-button-wrapper\">\n\t\t\t\t\t<a class=\"elementor-button elementor-button-link elementor-size-sm\" href=\"http:\/\/novatelusa.com\/en\/tela-conductiva\/\">\n\t\t\t\t\t\t<span class=\"elementor-button-content-wrapper\">\n\t\t\t\t\t\t\t\t\t<span class=\"elementor-button-text\">See more...<\/span>\n\t\t\t\t\t<\/span>\n\t\t\t\t\t<\/a>\n\t\t\t\t<\/div>\n\t\t\t\t\t\t\t\t<\/div>\n\t\t\t\t<\/div>\n\t\t\t\t\t<\/div>\n\t\t<\/div>\n\t\t\t\t<div class=\"elementor-column elementor-col-20 elementor-inner-column elementor-element elementor-element-cce09fd\" data-id=\"cce09fd\" data-element_type=\"column\" data-e-type=\"column\">\n\t\t\t<div class=\"elementor-widget-wrap elementor-element-populated\">\n\t\t\t\t\t\t<div class=\"elementor-element elementor-element-47837bc elementor-widget elementor-widget-image\" data-id=\"47837bc\" data-element_type=\"widget\" data-e-type=\"widget\" data-widget_type=\"image.default\">\n\t\t\t\t<div class=\"elementor-widget-container\">\n\t\t\t\t\t\t\t\t\t\t\t\t\t\t\t<img loading=\"lazy\" decoding=\"async\" width=\"400\" height=\"400\" src=\"https:\/\/novatelusa.com\/wp-content\/uploads\/2023\/08\/IMG_7160.jpg\" class=\"attachment-large size-large wp-image-4197\" alt=\"\" srcset=\"https:\/\/novatelusa.com\/wp-content\/uploads\/2023\/08\/IMG_7160.jpg 400w, https:\/\/novatelusa.com\/wp-content\/uploads\/2023\/08\/IMG_7160-300x300.jpg 300w, https:\/\/novatelusa.com\/wp-content\/uploads\/2023\/08\/IMG_7160-150x150.jpg 150w, https:\/\/novatelusa.com\/wp-content\/uploads\/2023\/08\/IMG_7160-12x12.jpg 12w, https:\/\/novatelusa.com\/wp-content\/uploads\/2023\/08\/IMG_7160-100x100.jpg 100w\" sizes=\"(max-width: 400px) 100vw, 400px\" \/>\t\t\t\t\t\t\t\t\t\t\t\t\t\t\t<\/div>\n\t\t\t\t<\/div>\n\t\t\t\t<div class=\"elementor-element elementor-element-7d5a7fe elementor-widget elementor-widget-text-editor\" data-id=\"7d5a7fe\" data-element_type=\"widget\" data-e-type=\"widget\" data-widget_type=\"text-editor.default\">\n\t\t\t\t<div class=\"elementor-widget-container\">\n\t\t\t\t\t\t\t\t\t<p><em>Silicone fabric.<\/em><\/p>\t\t\t\t\t\t\t\t<\/div>\n\t\t\t\t<\/div>\n\t\t\t\t<div class=\"elementor-element elementor-element-c178fdf elementor-align-center elementor-widget elementor-widget-button\" data-id=\"c178fdf\" data-element_type=\"widget\" data-e-type=\"widget\" data-widget_type=\"button.default\">\n\t\t\t\t<div class=\"elementor-widget-container\">\n\t\t\t\t\t\t\t\t\t<div class=\"elementor-button-wrapper\">\n\t\t\t\t\t<a class=\"elementor-button elementor-button-link elementor-size-sm\" href=\"http:\/\/novatelusa.com\/en\/tela-siliconada-roja\/\">\n\t\t\t\t\t\t<span class=\"elementor-button-content-wrapper\">\n\t\t\t\t\t\t\t\t\t<span class=\"elementor-button-text\">See more...<\/span>\n\t\t\t\t\t<\/span>\n\t\t\t\t\t<\/a>\n\t\t\t\t<\/div>\n\t\t\t\t\t\t\t\t<\/div>\n\t\t\t\t<\/div>\n\t\t\t\t\t<\/div>\n\t\t<\/div>\n\t\t\t\t<div class=\"elementor-column elementor-col-20 elementor-inner-column elementor-element elementor-element-8a7c0cc\" data-id=\"8a7c0cc\" data-element_type=\"column\" data-e-type=\"column\">\n\t\t\t<div class=\"elementor-widget-wrap elementor-element-populated\">\n\t\t\t\t\t\t<div class=\"elementor-element elementor-element-220e857 elementor-widget elementor-widget-image\" data-id=\"220e857\" data-element_type=\"widget\" data-e-type=\"widget\" data-widget_type=\"image.default\">\n\t\t\t\t<div class=\"elementor-widget-container\">\n\t\t\t\t\t\t\t\t\t\t\t\t\t\t\t<img loading=\"lazy\" decoding=\"async\" width=\"640\" height=\"640\" src=\"https:\/\/novatelusa.com\/wp-content\/uploads\/2023\/07\/5-MALLAS.webp\" class=\"attachment-large size-large wp-image-4079\" alt=\"\" srcset=\"https:\/\/novatelusa.com\/wp-content\/uploads\/2023\/07\/5-MALLAS.webp 750w, https:\/\/novatelusa.com\/wp-content\/uploads\/2023\/07\/5-MALLAS-300x300.webp 300w, https:\/\/novatelusa.com\/wp-content\/uploads\/2023\/07\/5-MALLAS-150x150.webp 150w, https:\/\/novatelusa.com\/wp-content\/uploads\/2023\/07\/5-MALLAS-12x12.webp 12w, https:\/\/novatelusa.com\/wp-content\/uploads\/2023\/07\/5-MALLAS-600x600.webp 600w, https:\/\/novatelusa.com\/wp-content\/uploads\/2023\/07\/5-MALLAS-100x100.webp 100w\" sizes=\"(max-width: 640px) 100vw, 640px\" \/>\t\t\t\t\t\t\t\t\t\t\t\t\t\t\t<\/div>\n\t\t\t\t<\/div>\n\t\t\t\t<div class=\"elementor-element elementor-element-551fb3f elementor-widget elementor-widget-text-editor\" data-id=\"551fb3f\" data-element_type=\"widget\" data-e-type=\"widget\" data-widget_type=\"text-editor.default\">\n\t\t\t\t<div class=\"elementor-widget-container\">\n\t\t\t\t\t\t\t\t\t<p style=\"text-align: center;\"><em>Meshes<\/em><\/p>\t\t\t\t\t\t\t\t<\/div>\n\t\t\t\t<\/div>\n\t\t\t\t<div class=\"elementor-element elementor-element-a2dd7fa elementor-align-center elementor-widget elementor-widget-button\" data-id=\"a2dd7fa\" data-element_type=\"widget\" data-e-type=\"widget\" data-widget_type=\"button.default\">\n\t\t\t\t<div class=\"elementor-widget-container\">\n\t\t\t\t\t\t\t\t\t<div class=\"elementor-button-wrapper\">\n\t\t\t\t\t<a class=\"elementor-button elementor-button-link elementor-size-sm\" href=\"http:\/\/novatelusa.com\/en\/malla\/\">\n\t\t\t\t\t\t<span class=\"elementor-button-content-wrapper\">\n\t\t\t\t\t\t\t\t\t<span class=\"elementor-button-text\">See more...<\/span>\n\t\t\t\t\t<\/span>\n\t\t\t\t\t<\/a>\n\t\t\t\t<\/div>\n\t\t\t\t\t\t\t\t<\/div>\n\t\t\t\t<\/div>\n\t\t\t\t\t<\/div>\n\t\t<\/div>\n\t\t\t\t\t<\/div>\n\t\t<\/section>\n\t\t\t\t<div class=\"elementor-element elementor-element-502557a elementor-widget elementor-widget-spacer\" data-id=\"502557a\" data-element_type=\"widget\" data-e-type=\"widget\" data-widget_type=\"spacer.default\">\n\t\t\t\t<div class=\"elementor-widget-container\">\n\t\t\t\t\t\t\t<div class=\"elementor-spacer\">\n\t\t\t<div class=\"elementor-spacer-inner\"><\/div>\n\t\t<\/div>\n\t\t\t\t\t\t<\/div>\n\t\t\t\t<\/div>\n\t\t\t\t\t<\/div>\n\t\t<\/div>\n\t\t\t\t\t<\/div>\n\t\t<\/section>\n\t\t\t\t<\/div>","protected":false},"excerpt":{"rendered":"<p>Tela Novaflon Tela de fibra de vidrio cubierta con PTFE Las telas Novaflon son fabricadas con sustrato de fibra de vidrio recubiertas de Teflon \u00ae (PTFE), manejando diferentes calidades y espesores. Tela sin adhesivo Ver m\u00e1s&#8230; Tela con adhesivo Ver m\u00e1s&#8230; Tela conductiva Ver m\u00e1s&#8230; Tela siliconada Ver m\u00e1s&#8230; Mallas Ver m\u00e1s&#8230;<\/p>","protected":false},"author":1,"featured_media":0,"parent":0,"menu_order":0,"comment_status":"closed","ping_status":"closed","template":"elementor_header_footer","meta":{"_acf_changed":false,"_joinchat":[],"footnotes":""},"class_list":["post-3382","page","type-page","status-publish","hentry"],"acf":[],"_links":{"self":[{"href":"https:\/\/novatelusa.com\/en\/wp-json\/wp\/v2\/pages\/3382","targetHints":{"allow":["GET"]}}],"collection":[{"href":"https:\/\/novatelusa.com\/en\/wp-json\/wp\/v2\/pages"}],"about":[{"href":"https:\/\/novatelusa.com\/en\/wp-json\/wp\/v2\/types\/page"}],"author":[{"embeddable":true,"href":"https:\/\/novatelusa.com\/en\/wp-json\/wp\/v2\/users\/1"}],"replies":[{"embeddable":true,"href":"https:\/\/novatelusa.com\/en\/wp-json\/wp\/v2\/comments?post=3382"}],"version-history":[{"count":49,"href":"https:\/\/novatelusa.com\/en\/wp-json\/wp\/v2\/pages\/3382\/revisions"}],"predecessor-version":[{"id":5060,"href":"https:\/\/novatelusa.com\/en\/wp-json\/wp\/v2\/pages\/3382\/revisions\/5060"}],"wp:attachment":[{"href":"https:\/\/novatelusa.com\/en\/wp-json\/wp\/v2\/media?parent=3382"}],"curies":[{"name":"wp","href":"https:\/\/api.w.org\/{rel}","templated":true}]}}